{"id":133,"date":"2025-01-22T13:42:57","date_gmt":"2025-01-22T19:42:57","guid":{"rendered":"http:\/\/cs.utbb.edu.mx\/?page_id=133"},"modified":"2025-01-23T15:18:25","modified_gmt":"2025-01-23T21:18:25","slug":"contraloria-social-u006-de-la-universidad-tecnologica-de-bahia-de-banderas-2024","status":"publish","type":"page","link":"https:\/\/cs.utbb.edu.mx\/index.php\/contraloria-social-u006-de-la-universidad-tecnologica-de-bahia-de-banderas-2024\/","title":{"rendered":"Contralor\u00eda Social U006 de la Universidad Tecnol\u00f3gica de Bah\u00eda de Banderas 2024"},"content":{"rendered":"\t\t<style>\r\n\t#wps_accordion_pro_132{\r\n\t\toverflow:hidden;\r\n\t\tdisplay:block;\r\n\t\twidth:100%;\r\n\t\tmargin-bottom:30px;\r\n\t}\r\n\t#accordion_pro_132 .wpsm_panel-title {\r\n\t\tmargin-top: 0px !important;\r\n\t\tmargin-bottom: 0px !important;\r\n\t\tpadding-top: 0px !important;\r\n\t\tpadding-bottom: 0px !important;\r\n\t}\r\n\t\r\n\t#accordion_pro_132 .wpsm_panel-title > a{\r\n\t\t\r\n\t\tborder-bottom: 0px !important;\r\n\t\ttext-decoration:none !important;\r\n\t\toutline: none !important;\r\n\t\tbox-shadow:none !important;\r\n\t}\r\n\t#accordion_pro_132 .ac_title_icon{\r\n\t\tmargin-right:8px;\r\n\t\t\t\t\r\n\t}\r\n\t\r\n\t\r\n\t\/* css files *\/\r\n\tHello\r\n\r\n#accordion_pro_132 a:hover, #accordion_pro_132 a:focus{\r\n    outline: none !important;\r\n    text-decoration: none !important;\r\n}\r\n#accordion_pro_132 .wpsm_panel{\r\n   \t    border: 2px solid #009335;\r\n\t    border-radius: 0px !important;\r\n    box-shadow: none !important;\r\n    margin-bottom: 3px !important;\r\n}\r\n#accordion_pro_132 .wpsm_panel-heading{\r\n    padding: 0 !important;\r\n    border-radius: 0px !important;\r\n    \r\n}\r\n#accordion_pro_132 .wpsm_panel-title > a{\r\n    display: block !important;\r\n\t    padding: 15px 15px 15px 50px !important;\r\n\t    position: relative !important;\r\n\ttransition:0.4s ease !important;\r\n    color:#000000 !important;\r\n    background:#ffffff !important;\r\n\tfont-size: 20px !important;\r\n\tbox-shadow:none !important;\r\n\tline-height:1.5 !important;\r\n\tfont-weight:500 !important;\r\n}\r\n#accordion_pro_132 .wpsm_panel-title > a > i{\r\n\tcolor:#000000 !important;\r\n}\r\n#accordion_pro_132 .wpsm_panel-title > a > .ac_title_img_icon{\r\n    \twidth: 20px !important;\r\n\theight: 20px !important;\r\n\tvertical-align: middle !important;\r\n\tmargin-left: 0 !important;\r\n\tmargin-top: 0 !important;\r\n\tmargin-bottom: 0 !important;\r\n}\r\n\r\n#accordion_pro_132 .wpsm_panel-title > a.collapsed{\r\n    background: #009335 !important;\r\n\tcolor: #ffffff !important;\r\n}\r\n#accordion_pro_132 .wpsm_panel-title > a.collapsed > i{\r\n    color: #ffffff !important;\r\n}\r\n#accordion_pro_132 .wpsm_panel-title > a:hover{\r\n   color:#000000 !important;\r\n    background:#ffffff !important;\r\n}\r\n#accordion_pro_132 .wpsm_panel-title > a:hover i{\r\n   color:#000000 !important;\r\n}\r\n#accordion_pro_132 .wpsm_panel-title > a:after,\r\n#accordion_pro_132 .wpsm_panel-title > a.collapsed:after{\r\n    content: \"\\f063\" !important;\r\n    font-family: FontAwesome !important;\r\n    color: #009335 !important;\r\n    font-size: 20px !important;\r\n    position: absolute !important;\r\n    top:calc(50% - 25px) !important;\r\n    left:0px !important;\r\n    padding: 14.5px !important;\r\n    line-height:16px !important;\r\n}\r\n#accordion_pro_132 .wpsm_panel-title > a.collapsed:after{\r\n    content: \"\\f061\" !important;\r\n    color:#ffffff !important;\r\n   transition: 0.4s ease !important;\r\n}\r\n#accordion_pro_132 .wpsm_panel-title > a.collapsed:hover:after{\r\n    color:#009335 !important;\r\n}\r\n#accordion_pro_132 .wpsm_panel-body{\r\n\tbackground:#ffffff !important;\r\n\tcolor:#000000 !important;\r\n\tfont-size:14px !important;\r\n\tline-height: 24px !important;\r\n    \r\n    border-top: 1px solid #009335 !important;\r\n}\r\n\r\n#accordion_pro_132 .wpsm_panel-body p{\r\n\tcolor:#000000 !important;\r\n\tfont-size:14px !important;\r\n\tline-height: 24px !important;\r\n}\r\n\r\n\r\n\r\n\t\t #accordion_pro_132 .wpsm_panel-title a, #accordion_pro_132 .wpsm_panel-title a:hover, #accordion_pro_132 .wpsm_panel-title a.collapsed, #accordion_pro_132 .wpsm_panel-title a.collapsed:hover {\r\n\t\t\tbackground-image: url(https:\/\/cs.utbb.edu.mx\/wp-content\/plugins\/accordion-pro\/assets\/images\/style-soft.png) !important;\r\n\t\t\tbackground-position: 0 0;\r\n\t\t\tbackground-repeat: repeat-x;\r\n\t\t}\r\n\r\n\t\t\t\t#accordion_pro_132 .wpsm_panel-title > p{\r\n\t\t    display: block !important;\r\n\t\t\t\t\t    padding: 15px 15px 15px 50px !important;\r\n\t\t\t\t\t    position: relative !important;\r\n\t\t    color:#000000 !important;\r\n\t\t\ttransition:0.4s ease !important;\r\n\t\t    background:#ffffff !important;\r\n\t\t\tfont-size: 20px !important;\r\n\t\t\tbox-shadow:none !important;\r\n\t\t\tline-height:1.5 !important;\r\n\t\t\tfont-weight:500 !important;\r\n\t\t}\r\n\t\t#accordion_pro_132 .wpsm_panel-title > p{\r\n\t\t    background: #009335 !important;\r\n\t\t\tcolor: #ffffff !important;\r\n\t\t}\r\n\t\t#offset_132 .wpsm_panel-title > p{\r\n\t\t\tmargin-bottom: 0;\r\n\t\t\tmargin-top: 0;\r\n\t\t}\r\n?>\t\r\n\t\/* open close icon option *\/\r\n\t\t\r\n\t#accordion_pro_132 .wpsm_panel {\r\n\t\tbackground-color:transparent !important;\r\n\t\t\t\t\tmargin-bottom:10px !important;\r\n\t\t\t\tmargin-top:0px !important;\r\n\t}\r\n\t#accordion_pro_132 .collapsing {\r\n\t\ttransition: height 0.6s;\r\n\t}\r\n\t#accordion_pro_132 .wpsm_panel-body_inner{\r\n\t\toverflow:hidden;\r\n\t\tdisplay:block;\r\n\t\t\r\n\t}\r\n\t\r\n\t\t#accordion_pro_132 .wpsm_panel-body{\r\n\t\tfont-family:Verdana !important;\r\n\t}\r\n\t#accordion_pro_132 .wpsm_panel-title a{\r\n\t\tfont-family:Verdana !important;\r\n\t}\r\n\t\t\t\r\n\t\r\n\t#search_132{\r\n\t    margin: 40px 0px;\r\n\t    width: 100%;\r\n\t    padding: 15px 12px;\r\n\t    border-radius: 3px;\r\n\t    border: 1px solid #e5e5e5 !important;\r\n\t    background: #fafafa !important;\r\n\t}\r\n\t#search_132.search_dark{\r\n    background: #464646 !important;\r\n    color: #fff !important;\r\n\t}\r\n\t#search_132.search_dark::placeholder{\r\n\t\tcolor: #d3d3d3;\r\n\t}\r\n\r\n\t\t\r\n\t<\/style>\r\n\r\n\r\n\t<div id=\"wps_accordion_pro_132\"  >\r\n\t\t\t  <div class=\"noresults_132 wpsm_panel-group\" style=\"display: none;\" id=\"accordion_pro_132\" role=\"tablist\" aria-multiselectable=\"true\">\r\n\t\t  \t<div class=\"wpsm_panel panel\" id=\"offset_132\">\r\n\t\t\t\t\t<div class=\"wpsm_panel-heading\" role=\"tab\" id=\"heading_132\">\r\n\t\t\t\t\t\t<h4 class=\"wpsm_panel-title\">\r\n\t\t\t\t\t\t\t<p>No Result<\/p>\r\n\t\t\t\t\t\t<\/h4>\r\n\t\t\t\t\t<\/div>\r\n\t\t\t\t<\/div>\r\n\t\t\t<\/div>\r\n\t\t<div class=\"wpsm_panel-group\" id=\"accordion_pro_132\" role=\"tablist\" aria-multiselectable=\"true\">\r\n\t\t\t\t\t<div class=\"wpsm_panel panel wpsm_panel-default\" id=\"offset_132_1\">\r\n\t\t\t\t\t<div class=\"wpsm_panel-heading\" role=\"tab\" id=\"heading_132_1\">\r\n\t\t\t\t\t\t<h4 class=\"wpsm_panel-title\">\r\n\t\t\t\t\t\t\t<a  role=\"button\"  data-toggle=\"collapse\" data-parent=\"#accordion_pro_132\" href=\"#collapse_132_1\" aria-expanded=\"true\" aria-controls=\"collapse_132_1\">\r\n\t\t\t\t\t\t\t\t\t\t\t\t\t\t\t\t\t\t\t\t\t\t\t\t\t\t\t\t<i class=\"fa fa fa-laptop ac_title_icon\"><\/i> \t\t\t\t\t\t\t\tFormatos\t\t\t\t\t\t\t\t\r\n\t\t\t\t\t\t\t<\/a>\r\n\t\t\t\t\t\t<\/h4>\r\n\t\t\t\t\t<\/div>\r\n\t\t\t\t\t<div id=\"collapse_132_1\" class=\"wpsm_panel-collapse collapse in\" role=\"tabwpsm_panel\" aria-labelledby=\"heading_132_1\">\r\n\t\t\t\t\t\t<div class=\"wpsm_panel-body\">\r\n\t\t\t\t\t\t\t<div id=\"#wpsm_acc_desc_132_1\" class=\"wpsm_panel-body_inner  animated fadeIn\"><p><a href=\"http:\/\/cs.utbb.edu.mx\/wp-content\/uploads\/2025\/03\/Informe-final.-UTBB.pdf\">Informe final. UTBB<\/a><\/p>\r\n<p><a href=\"http:\/\/cs.utbb.edu.mx\/wp-content\/uploads\/2025\/03\/PTIE-UTBB-U006-2024.-UTBB.pdf\">PTIE - UTBB-U006-2024. UTBB<\/a><\/p>\r\n<p><a href=\"http:\/\/cs.utbb.edu.mx\/wp-content\/uploads\/2025\/03\/Minuta-de-reunion-para-conformar-el-comite.-UTBB.pdf\">Minuta de reuni\u00f3n para conformar el comit\u00e9. UTBB<\/a><\/p>\r\n<p><a href=\"http:\/\/cs.utbb.edu.mx\/wp-content\/uploads\/2025\/03\/Minuta-de-reunion-de-capacitacion-del-comite-UTBB.pdf\">Minuta de reuni\u00f3n de capacitaci\u00f3n del comit\u00e9 UTBB<\/a><\/p>\r\n<p><a href=\"http:\/\/cs.utbb.edu.mx\/wp-content\/uploads\/2025\/03\/Minuta-de-reunion-Vigilancia-del-Recurso.-UTBB.pdf\">Minuta de reuni\u00f3n Vigilancia del Recurso. UTBB<\/a><\/p>\r\n<p><a href=\"http:\/\/cs.utbb.edu.mx\/wp-content\/uploads\/2025\/03\/Minuta-de-reunion-del-llenado-del-Informe-Final.-UTBB.pdf\">Minuta de reuni\u00f3n del llenado del Informe Final. UTBB<\/a><\/p>\t\t\t\t\t\t\t<\/div>\r\n\t\t\t\t\t\t\t   \r\n\t\t\t\t\t\t<\/div>\r\n\t\t\t\t\t<\/div>\r\n\t\t\t\t\t\t\t\t\t\t\t\r\n\t\t\t\t<\/div>\r\n\t\t\t\t\t\t\t<div class=\"wpsm_panel panel wpsm_panel-default\" id=\"offset_132_2\">\r\n\t\t\t\t\t<div class=\"wpsm_panel-heading\" role=\"tab\" id=\"heading_132_2\">\r\n\t\t\t\t\t\t<h4 class=\"wpsm_panel-title\">\r\n\t\t\t\t\t\t\t<a  role=\"button\" class=collapsed data-toggle=\"collapse\" data-parent=\"#accordion_pro_132\" href=\"#collapse_132_2\" aria-expanded=\"true\" aria-controls=\"collapse_132_2\">\r\n\t\t\t\t\t\t\t\t\t\t\t\t\t\t\t\t\t\t\t\t\t\t\t\t\t\t\t\t<i class=\"fa fa fa-laptop ac_title_icon\"><\/i> \t\t\t\t\t\t\t\tMarco Normativo\t\t\t\t\t\t\t\t\r\n\t\t\t\t\t\t\t<\/a>\r\n\t\t\t\t\t\t<\/h4>\r\n\t\t\t\t\t<\/div>\r\n\t\t\t\t\t<div id=\"collapse_132_2\" class=\"wpsm_panel-collapse collapse \" role=\"tabwpsm_panel\" aria-labelledby=\"heading_132_2\">\r\n\t\t\t\t\t\t<div class=\"wpsm_panel-body\">\r\n\t\t\t\t\t\t\t<div id=\"#wpsm_acc_desc_132_2\" class=\"wpsm_panel-body_inner  animated fadeIn\"><p><a href=\"http:\/\/cs.utbb.edu.mx\/wp-content\/uploads\/2025\/01\/Esquema-U006.pdf\">Esquema U006<\/a><\/p>\r\n<p><a href=\"http:\/\/cs.utbb.edu.mx\/wp-content\/uploads\/2025\/01\/Guia-Operativa-U006.pdf\">Gu\u00eda Operativa U006<\/a><\/p>\r\n<p><a href=\"http:\/\/cs.utbb.edu.mx\/wp-content\/uploads\/2025\/01\/PATCS-U006.pdf\">PATCS U006<\/a><\/p>\r\n<p><a href=\"http:\/\/cs.utbb.edu.mx\/wp-content\/uploads\/2025\/01\/PTIE-U006-UTBB.pdf\">PTIE U006 - UTBB<\/a><\/p>\t\t\t\t\t\t\t<\/div>\r\n\t\t\t\t\t\t\t   \r\n\t\t\t\t\t\t<\/div>\r\n\t\t\t\t\t<\/div>\r\n\t\t\t\t\t\t\t\t\t\t\t\r\n\t\t\t\t<\/div>\r\n\t\t\t\t\t\t\t<div class=\"wpsm_panel panel wpsm_panel-default\" id=\"offset_132_3\">\r\n\t\t\t\t\t<div class=\"wpsm_panel-heading\" role=\"tab\" id=\"heading_132_3\">\r\n\t\t\t\t\t\t<h4 class=\"wpsm_panel-title\">\r\n\t\t\t\t\t\t\t<a  role=\"button\" class=collapsed data-toggle=\"collapse\" data-parent=\"#accordion_pro_132\" href=\"#collapse_132_3\" aria-expanded=\"true\" aria-controls=\"collapse_132_3\">\r\n\t\t\t\t\t\t\t\t\t\t\t\t\t\t\t\t\t\t\t\t\t\t\t\t\t\t\t\t<i class=\"fa fa fa-laptop ac_title_icon\"><\/i> \t\t\t\t\t\t\t\tDifusi\u00f3n\t\t\t\t\t\t\t\t\r\n\t\t\t\t\t\t\t<\/a>\r\n\t\t\t\t\t\t<\/h4>\r\n\t\t\t\t\t<\/div>\r\n\t\t\t\t\t<div id=\"collapse_132_3\" class=\"wpsm_panel-collapse collapse \" role=\"tabwpsm_panel\" aria-labelledby=\"heading_132_3\">\r\n\t\t\t\t\t\t<div class=\"wpsm_panel-body\">\r\n\t\t\t\t\t\t\t<div id=\"#wpsm_acc_desc_132_3\" class=\"wpsm_panel-body_inner  animated fadeIn\"><p><a href=\"http:\/\/cs.utbb.edu.mx\/wp-content\/uploads\/2025\/03\/Material-de-difusion-de-la-UTBB.pdf\">Material de difusi\u00f3n de la UTBB<\/a><\/p>\r\n<p><a href=\"http:\/\/cs.utbb.edu.mx\/wp-content\/uploads\/2025\/01\/TRIPTICO-CS-U006-24.pdf\">TRIPTICO CS U006 24<\/a><\/p>\r\n<p><a href=\"http:\/\/cs.utbb.edu.mx\/wp-content\/uploads\/2025\/01\/Convocatoria-CS-U006-2024.pdf\">Convocatoria CS U006 2024<\/a><\/p>\t\t\t\t\t\t\t<\/div>\r\n\t\t\t\t\t\t\t   \r\n\t\t\t\t\t\t<\/div>\r\n\t\t\t\t\t<\/div>\r\n\t\t\t\t\t\t\t\t\t\t\t\r\n\t\t\t\t<\/div>\r\n\t\t\t\t\t\t\t<div class=\"wpsm_panel panel wpsm_panel-default\" id=\"offset_132_4\">\r\n\t\t\t\t\t<div class=\"wpsm_panel-heading\" role=\"tab\" id=\"heading_132_4\">\r\n\t\t\t\t\t\t<h4 class=\"wpsm_panel-title\">\r\n\t\t\t\t\t\t\t<a  role=\"button\" class=collapsed data-toggle=\"collapse\" data-parent=\"#accordion_pro_132\" href=\"#collapse_132_4\" aria-expanded=\"true\" aria-controls=\"collapse_132_4\">\r\n\t\t\t\t\t\t\t\t\t\t\t\t\t\t\t\t\t\t\t\t\t\t\t\t\t\t\t\t<i class=\"fa fa fa-laptop ac_title_icon\"><\/i> \t\t\t\t\t\t\t\tCapacitaci\u00f3n\t\t\t\t\t\t\t\t\r\n\t\t\t\t\t\t\t<\/a>\r\n\t\t\t\t\t\t<\/h4>\r\n\t\t\t\t\t<\/div>\r\n\t\t\t\t\t<div id=\"collapse_132_4\" class=\"wpsm_panel-collapse collapse \" role=\"tabwpsm_panel\" aria-labelledby=\"heading_132_4\">\r\n\t\t\t\t\t\t<div class=\"wpsm_panel-body\">\r\n\t\t\t\t\t\t\t<div id=\"#wpsm_acc_desc_132_4\" class=\"wpsm_panel-body_inner  animated fadeIn\"><p><a href=\"http:\/\/cs.utbb.edu.mx\/wp-content\/uploads\/2025\/03\/Contraloria-Social-UTBB.pdf\">Contralor\u00eda Social UTBB<\/a><\/p>\r\n<p><a href=\"http:\/\/cs.utbb.edu.mx\/wp-content\/uploads\/2025\/01\/Presentacion-Uso-del-Sistema-Informatico-de-CS.pdf\">Presentaci\u00f3n Uso del Sistema Inform\u00e1tico de CS<\/a><\/p>\r\n<p><a href=\"http:\/\/cs.utbb.edu.mx\/wp-content\/uploads\/2025\/01\/Presentacion-Formatos.pdf\">Presentaci\u00f3n Formatos<\/a><\/p>\r\n<p><a href=\"http:\/\/cs.utbb.edu.mx\/wp-content\/uploads\/2025\/01\/Presentacion-Normatividad-U006.pdf\">Presentaci\u00f3n Normatividad U006<\/a><\/p>\t\t\t\t\t\t\t<\/div>\r\n\t\t\t\t\t\t\t   \r\n\t\t\t\t\t\t<\/div>\r\n\t\t\t\t\t<\/div>\r\n\t\t\t\t\t\t\t\t\t\t\t\r\n\t\t\t\t<\/div>\r\n\t\t\t\t\t\t\t<div class=\"wpsm_panel panel wpsm_panel-default\" id=\"offset_132_5\">\r\n\t\t\t\t\t<div class=\"wpsm_panel-heading\" role=\"tab\" id=\"heading_132_5\">\r\n\t\t\t\t\t\t<h4 class=\"wpsm_panel-title\">\r\n\t\t\t\t\t\t\t<a  role=\"button\" class=collapsed data-toggle=\"collapse\" data-parent=\"#accordion_pro_132\" href=\"#collapse_132_5\" aria-expanded=\"true\" aria-controls=\"collapse_132_5\">\r\n\t\t\t\t\t\t\t\t\t\t\t\t\t\t\t\t\t\t\t\t\t\t\t\t\t\t\t\t<i class=\"fa fa fa-laptop ac_title_icon\"><\/i> \t\t\t\t\t\t\t\tDirectorio\t\t\t\t\t\t\t\t\r\n\t\t\t\t\t\t\t<\/a>\r\n\t\t\t\t\t\t<\/h4>\r\n\t\t\t\t\t<\/div>\r\n\t\t\t\t\t<div id=\"collapse_132_5\" class=\"wpsm_panel-collapse collapse \" role=\"tabwpsm_panel\" aria-labelledby=\"heading_132_5\">\r\n\t\t\t\t\t\t<div class=\"wpsm_panel-body\">\r\n\t\t\t\t\t\t\t<div id=\"#wpsm_acc_desc_132_5\" class=\"wpsm_panel-body_inner  animated fadeIn\"><p><a href=\"http:\/\/cs.utbb.edu.mx\/wp-content\/uploads\/2025\/01\/DGUTyP-U006-CS.pdf\">DGUTyP U006 CS<\/a><\/p>\t\t\t\t\t\t\t<\/div>\r\n\t\t\t\t\t\t\t   \r\n\t\t\t\t\t\t<\/div>\r\n\t\t\t\t\t<\/div>\r\n\t\t\t\t\t\t\t\t\t\t\t\r\n\t\t\t\t<\/div>\r\n\t\t\t\t\t\t\t<div class=\"wpsm_panel panel wpsm_panel-default\" id=\"offset_132_6\">\r\n\t\t\t\t\t<div class=\"wpsm_panel-heading\" role=\"tab\" id=\"heading_132_6\">\r\n\t\t\t\t\t\t<h4 class=\"wpsm_panel-title\">\r\n\t\t\t\t\t\t\t<a  role=\"button\" class=collapsed data-toggle=\"collapse\" data-parent=\"#accordion_pro_132\" href=\"#collapse_132_6\" aria-expanded=\"true\" aria-controls=\"collapse_132_6\">\r\n\t\t\t\t\t\t\t\t\t\t\t\t\t\t\t\t\t\t\t\t\t\t\t\t\t\t\t\t<i class=\"fa fa fa-laptop ac_title_icon\"><\/i> \t\t\t\t\t\t\t\tAtenci\u00f3n a Quejas y Denuncias\t\t\t\t\t\t\t\t\r\n\t\t\t\t\t\t\t<\/a>\r\n\t\t\t\t\t\t<\/h4>\r\n\t\t\t\t\t<\/div>\r\n\t\t\t\t\t<div id=\"collapse_132_6\" class=\"wpsm_panel-collapse collapse \" role=\"tabwpsm_panel\" aria-labelledby=\"heading_132_6\">\r\n\t\t\t\t\t\t<div class=\"wpsm_panel-body\">\r\n\t\t\t\t\t\t\t<div id=\"#wpsm_acc_desc_132_6\" class=\"wpsm_panel-body_inner  animated fadeIn\"><p><a href=\"http:\/\/cs.utbb.edu.mx\/wp-content\/uploads\/2025\/01\/DGUTyP-CS-QyD.pdf\">DGUTyP CS QyD<\/a><\/p>\r\n<p><a href=\"http:\/\/cs.utbb.edu.mx\/wp-content\/uploads\/2025\/01\/ATENCION-CIUDADANA-SFP-U006-CS.pdf\">ATENCION CIUDADANA SFP U006 CS<\/a><\/p>\t\t\t\t\t\t\t<\/div>\r\n\t\t\t\t\t\t\t   \r\n\t\t\t\t\t\t<\/div>\r\n\t\t\t\t\t<\/div>\r\n\t\t\t\t\t\t\t\t\t\t\t\r\n\t\t\t\t<\/div>\r\n\t\t\t\t\r\n<\/div>\r\n\t<\/div>\r\n\r\n\t\r\n\t\r\n\t\t\r\n<script type=\"text\/javascript\">\r\n\r\n\t\tjQuery(document).ready(function(){\r\n\t  jQuery('.noresults_132').hide();\r\n\t  \r\n\t  jQuery(\"#search_132\").on(\"keyup\", function() {\r\n\r\n\t  \tvar postID = \"132\";\r\n\t  \t\r\n\t  \tconsole.log(postID);\r\n\r\n\r\n\r\n\t    var value = jQuery(this).val().toLowerCase();\r\n\t    jQuery(\"#accordion_pro_\" + postID + \" .wpsm_panel-default\").filter(function() {\r\n\t      jQuery(this).toggle(jQuery(this).text().toLowerCase().indexOf(value) > -1)\r\n\t      jQuery('.noresults_' + postID).hide();\r\n\t      \r\n\t      var noResult = true;\r\n\t      jQuery(\"#accordion_pro_\" + postID + \" .wpsm_panel-default\").children('div').each(function () {\r\n\t      \tif (jQuery(this).children(':visible').length != 0) {\r\n\t        \tnoResult = false;\r\n\t        }\r\n\t      });   \r\n\t      if (noResult) {\r\n\t      \tjQuery('.noresults_' + postID).show();\r\n\t      }\r\n\t    });\r\n\t  });\r\n\t});\r\n<\/script>\n","protected":false},"excerpt":{"rendered":"","protected":false},"author":2,"featured_media":0,"parent":0,"menu_order":0,"comment_status":"closed","ping_status":"closed","template":"","meta":{"footnotes":""},"class_list":["post-133","page","type-page","status-publish","hentry"],"_links":{"self":[{"href":"https:\/\/cs.utbb.edu.mx\/index.php\/wp-json\/wp\/v2\/pages\/133","targetHints":{"allow":["GET"]}}],"collection":[{"href":"https:\/\/cs.utbb.edu.mx\/index.php\/wp-json\/wp\/v2\/pages"}],"about":[{"href":"https:\/\/cs.utbb.edu.mx\/index.php\/wp-json\/wp\/v2\/types\/page"}],"author":[{"embeddable":true,"href":"https:\/\/cs.utbb.edu.mx\/index.php\/wp-json\/wp\/v2\/users\/2"}],"replies":[{"embeddable":true,"href":"https:\/\/cs.utbb.edu.mx\/index.php\/wp-json\/wp\/v2\/comments?post=133"}],"version-history":[{"count":2,"href":"https:\/\/cs.utbb.edu.mx\/index.php\/wp-json\/wp\/v2\/pages\/133\/revisions"}],"predecessor-version":[{"id":136,"href":"https:\/\/cs.utbb.edu.mx\/index.php\/wp-json\/wp\/v2\/pages\/133\/revisions\/136"}],"wp:attachment":[{"href":"https:\/\/cs.utbb.edu.mx\/index.php\/wp-json\/wp\/v2\/media?parent=133"}],"curies":[{"name":"wp","href":"https:\/\/api.w.org\/{rel}","templated":true}]}}