{"id":98,"date":"2024-11-14T13:41:19","date_gmt":"2024-11-14T19:41:19","guid":{"rendered":"http:\/\/cs.utbb.edu.mx\/?page_id=98"},"modified":"2025-01-22T13:17:47","modified_gmt":"2025-01-22T19:17:47","slug":"contraloria-social-de-la-universidad-tecnologica-de-bahia-de-banderas-2023","status":"publish","type":"page","link":"https:\/\/cs.utbb.edu.mx\/index.php\/contraloria-social-de-la-universidad-tecnologica-de-bahia-de-banderas-2023\/","title":{"rendered":"CONTRALOR\u00cdA SOCIAL DE LA UNIVERSIDAD TECNOL\u00d3GICA DE BAH\u00cdA DE BANDERAS 2023"},"content":{"rendered":"\n<h2 class=\"wp-block-heading has-text-align-center has-large-font-size\">CONTRALOR\u00cdA SOCIAL U006 DE LA UNIVERSIDAD TECNOL\u00d3GICA DE BAH\u00cdA DE BANDERAS 2023<\/h2>\n\n\n\n<p class=\"has-text-align-center has-medium-font-size\"><strong>S247-PROGRAMA PARA EL DESARROLLO PROFESIONAL DOCENTE (PRODEP)<\/strong><\/p>\n\n\n\n<p style=\"font-size:16px\">Conforme a lo dispuesto por la Ley General de Desarrollo Social, la Contralor\u00eda Social constituye una pr\u00e1ctica de transparencia, de rendici\u00f3n de cuentas y se convierte en un mecanismo para los beneficiarios, para que de manera organizada verifiquen el cumplimiento de las metas y la correcta aplicaci\u00f3n de los recursos p\u00fablicos asignados a diferentes programas federales.<\/p>\n\n\n\n<p><\/p>\n\n\n\n<p>Enlace de la Contralor\u00eda Social U006 de la Universidad Tecnol\u00f3gica de Bah\u00eda de Banderas<\/p>\n\n\n\n<p>Mtro. Juan Ricardo Hopkins Gonz\u00e1lez\u00a0<\/p>\n\n\n\n<p>correo electr\u00f3nico: <a href=\"mailto:direccionfinanzas@utbb.edu.mx\" target=\"_blank\" rel=\"noreferrer noopener\">direccionfinanzas@utbb.edu.mx<\/a><\/p>\n\n\n\n<p>Tel. 3222268300 Ext. 1201<\/p>\n\n\n\n<p style=\"font-size:16px\">Este programa es publico ajeno a cualquier partido pol\u00edtico. Queda prohibido el uso para los fines distintos a los establecidos en el programa. Quien haga uso indebido de los recursos de este programa deber\u00e1 ser Denunciado y Sancionado con la Ley aplicable y ante la Autoridad Competente.<\/p>\n","protected":false},"excerpt":{"rendered":"<p>CONTRALOR\u00cdA SOCIAL U006 DE LA UNIVERSIDAD TECNOL\u00d3GICA DE BAH\u00cdA DE BANDERAS 2023 S247-PROGRAMA PARA EL DESARROLLO PROFESIONAL DOCENTE (PRODEP) Conforme a lo dispuesto por la Ley General de Desarrollo Social, la Contralor\u00eda Social constituye una pr\u00e1ctica de transparencia, de rendici\u00f3n de cuentas y se convierte en un mecanismo para los beneficiarios, para que de manera<\/p>\n<p class=\"more-link\"><a href=\"https:\/\/cs.utbb.edu.mx\/index.php\/contraloria-social-de-la-universidad-tecnologica-de-bahia-de-banderas-2023\/\" class=\"themebutton\">Read More<\/a><\/p>\n","protected":false},"author":1,"featured_media":0,"parent":0,"menu_order":0,"comment_status":"closed","ping_status":"closed","template":"","meta":{"footnotes":""},"class_list":["post-98","page","type-page","status-publish","hentry"],"_links":{"self":[{"href":"https:\/\/cs.utbb.edu.mx\/index.php\/wp-json\/wp\/v2\/pages\/98","targetHints":{"allow":["GET"]}}],"collection":[{"href":"https:\/\/cs.utbb.edu.mx\/index.php\/wp-json\/wp\/v2\/pages"}],"about":[{"href":"https:\/\/cs.utbb.edu.mx\/index.php\/wp-json\/wp\/v2\/types\/page"}],"author":[{"embeddable":true,"href":"https:\/\/cs.utbb.edu.mx\/index.php\/wp-json\/wp\/v2\/users\/1"}],"replies":[{"embeddable":true,"href":"https:\/\/cs.utbb.edu.mx\/index.php\/wp-json\/wp\/v2\/comments?post=98"}],"version-history":[{"count":4,"href":"https:\/\/cs.utbb.edu.mx\/index.php\/wp-json\/wp\/v2\/pages\/98\/revisions"}],"predecessor-version":[{"id":131,"href":"https:\/\/cs.utbb.edu.mx\/index.php\/wp-json\/wp\/v2\/pages\/98\/revisions\/131"}],"wp:attachment":[{"href":"https:\/\/cs.utbb.edu.mx\/index.php\/wp-json\/wp\/v2\/media?parent=98"}],"curies":[{"name":"wp","href":"https:\/\/api.w.org\/{rel}","templated":true}]}}